{"id":934,"date":"2021-10-09T23:01:25","date_gmt":"2021-10-09T23:01:25","guid":{"rendered":"https:\/\/maugojewelry.com\/?post_type=product&#038;p=934"},"modified":"2025-09-30T21:51:47","modified_gmt":"2025-09-30T20:21:47","slug":"mobius-diamond-ring","status":"publish","type":"product","link":"https:\/\/maugojewelry.com\/en\/produkt\/mobius-diamond-ring\/","title":{"rendered":"Mobius Diamond Ring"},"excerpt":{"rendered":"<p>Delikatna obr\u0105czka z jedenastoma diamentami wykonana z \u017c\u00f3\u0142tym z\u0142ocie 585 (14ct).<\/p>\n<p>&nbsp;<\/p>\n<ul>\n<li>Surowiec: z\u0142oto 585 (14ct)<\/li>\n<li>Kamie\u0144: brylant, 11 kamieni 0,01 ct (1,25 mm)<\/li>\n<li>Czysto\u015b\u0107 diamentu: Si1<\/li>\n<li>Wymiary: szeroko\u015b\u0107 obr\u0105czki ok. 2.8 mm<\/li>\n<\/ul>\n","protected":false},"featured_media":938,"comment_status":"open","ping_status":"closed","template":"","meta":{"_acf_changed":false},"product_brand":[],"product_cat":[16,17,2068],"product_tag":[],"class_list":{"0":"post-934","1":"product","2":"type-product","3":"status-publish","4":"has-post-thumbnail","6":"product_cat-all","7":"product_cat-rings","8":"product_cat-solid-gold","10":"first","11":"instock","12":"shipping-taxable","13":"purchasable","14":"product-type-variable"},"acf":[],"aioseo_notices":[],"_links":{"self":[{"href":"https:\/\/maugojewelry.com\/en\/wp-json\/wp\/v2\/product\/934","targetHints":{"allow":["GET"]}}],"collection":[{"href":"https:\/\/maugojewelry.com\/en\/wp-json\/wp\/v2\/product"}],"about":[{"href":"https:\/\/maugojewelry.com\/en\/wp-json\/wp\/v2\/types\/product"}],"replies":[{"embeddable":true,"href":"https:\/\/maugojewelry.com\/en\/wp-json\/wp\/v2\/comments?post=934"}],"wp:featuredmedia":[{"embeddable":true,"href":"https:\/\/maugojewelry.com\/en\/wp-json\/wp\/v2\/media\/938"}],"wp:attachment":[{"href":"https:\/\/maugojewelry.com\/en\/wp-json\/wp\/v2\/media?parent=934"}],"wp:term":[{"taxonomy":"product_brand","embeddable":true,"href":"https:\/\/maugojewelry.com\/en\/wp-json\/wp\/v2\/product_brand?post=934"},{"taxonomy":"product_cat","embeddable":true,"href":"https:\/\/maugojewelry.com\/en\/wp-json\/wp\/v2\/product_cat?post=934"},{"taxonomy":"product_tag","embeddable":true,"href":"https:\/\/maugojewelry.com\/en\/wp-json\/wp\/v2\/product_tag?post=934"}],"curies":[{"name":"wp","href":"https:\/\/api.w.org\/{rel}","templated":true}]}}