{"id":9384,"date":"2025-07-22T16:03:48","date_gmt":"2025-07-22T14:33:48","guid":{"rendered":"https:\/\/maugojewelry.com\/?post_type=product&#038;p=9384"},"modified":"2026-04-07T15:42:04","modified_gmt":"2026-04-07T14:42:04","slug":"naszyjnik-aigua","status":"publish","type":"product","link":"https:\/\/maugojewelry.com\/en\/produkt\/naszyjnik-aigua\/","title":{"rendered":"Aigua Necklace"},"excerpt":{"rendered":"<p>Naszyjnik Aigua z naturalnych kamieni kwarcu przezroczystego oraz srebrnych\/poz\u0142acanych przek\u0142adek i ozdobnej kulki m\u0142otkowanej.<\/p>\n<p>&nbsp;<\/p>\n<p>Materia\u0142: naturalny kwarc przezroczysty<\/p>\n<p>Metal: srebro 925\/ srebro z\u0142ocone 24-karatowym z\u0142otem<\/p>\n<p>Wymiary: korale maj\u0105 \u015brednic\u0119 ok. 8 mm<\/p>\n<p>D\u0142ugo\u015b\u0107 naszyjnika: oko\u0142o 42 cm<\/p>\n<p>&nbsp;<\/p>\n<p>Produkt wykonany r\u0119cznie w Polsce.<\/p>\n","protected":false},"featured_media":9387,"comment_status":"closed","ping_status":"closed","template":"","meta":{"_acf_changed":false},"product_brand":[],"product_cat":[16,20],"product_tag":[],"class_list":{"0":"post-9384","1":"product","2":"type-product","3":"status-publish","4":"has-post-thumbnail","6":"product_cat-all","7":"product_cat-necklaces","9":"first","10":"instock","11":"shipping-taxable","12":"purchasable","13":"product-type-variable","14":"has-default-attributes"},"acf":[],"aioseo_notices":[],"_links":{"self":[{"href":"https:\/\/maugojewelry.com\/en\/wp-json\/wp\/v2\/product\/9384","targetHints":{"allow":["GET"]}}],"collection":[{"href":"https:\/\/maugojewelry.com\/en\/wp-json\/wp\/v2\/product"}],"about":[{"href":"https:\/\/maugojewelry.com\/en\/wp-json\/wp\/v2\/types\/product"}],"replies":[{"embeddable":true,"href":"https:\/\/maugojewelry.com\/en\/wp-json\/wp\/v2\/comments?post=9384"}],"wp:featuredmedia":[{"embeddable":true,"href":"https:\/\/maugojewelry.com\/en\/wp-json\/wp\/v2\/media\/9387"}],"wp:attachment":[{"href":"https:\/\/maugojewelry.com\/en\/wp-json\/wp\/v2\/media?parent=9384"}],"wp:term":[{"taxonomy":"product_brand","embeddable":true,"href":"https:\/\/maugojewelry.com\/en\/wp-json\/wp\/v2\/product_brand?post=9384"},{"taxonomy":"product_cat","embeddable":true,"href":"https:\/\/maugojewelry.com\/en\/wp-json\/wp\/v2\/product_cat?post=9384"},{"taxonomy":"product_tag","embeddable":true,"href":"https:\/\/maugojewelry.com\/en\/wp-json\/wp\/v2\/product_tag?post=9384"}],"curies":[{"name":"wp","href":"https:\/\/api.w.org\/{rel}","templated":true}]}}