{"id":946,"date":"2021-10-09T23:07:48","date_gmt":"2021-10-09T23:07:48","guid":{"rendered":"https:\/\/maugojewelry.com\/?post_type=product&#038;p=946"},"modified":"2025-10-01T00:27:27","modified_gmt":"2025-09-30T22:57:27","slug":"mobius-ruby-ring","status":"publish","type":"product","link":"https:\/\/maugojewelry.com\/en\/produkt\/mobius-ruby-ring\/","title":{"rendered":"Mobius Ruby Ring"},"excerpt":{"rendered":"<p>Delikatna obr\u0105czka z naturalnymi rubinami wykonana z \u017c\u00f3\u0142tym z\u0142ocie 585 (14ct).<\/p>\n<p>&nbsp;<\/p>\n<ul>\n<li>Surowiec: z\u0142oto 585 (14ct)<\/li>\n<li>Kamie\u0144: naturalny rubin, 11 kamieni o wielko\u015bci 1,25 mm<\/li>\n<li>Wymiary: szeroko\u015b\u0107 obr\u0105czki ok. 2.8 mm<\/li>\n<\/ul>\n","protected":false},"featured_media":947,"comment_status":"open","ping_status":"closed","template":"","meta":{"_acf_changed":false},"product_brand":[],"product_cat":[17,16,2068],"product_tag":[],"class_list":{"0":"post-946","1":"product","2":"type-product","3":"status-publish","4":"has-post-thumbnail","6":"product_cat-rings","7":"product_cat-all","8":"product_cat-solid-gold","10":"first","11":"instock","12":"shipping-taxable","13":"purchasable","14":"product-type-variable"},"acf":[],"aioseo_notices":[],"_links":{"self":[{"href":"https:\/\/maugojewelry.com\/en\/wp-json\/wp\/v2\/product\/946","targetHints":{"allow":["GET"]}}],"collection":[{"href":"https:\/\/maugojewelry.com\/en\/wp-json\/wp\/v2\/product"}],"about":[{"href":"https:\/\/maugojewelry.com\/en\/wp-json\/wp\/v2\/types\/product"}],"replies":[{"embeddable":true,"href":"https:\/\/maugojewelry.com\/en\/wp-json\/wp\/v2\/comments?post=946"}],"wp:featuredmedia":[{"embeddable":true,"href":"https:\/\/maugojewelry.com\/en\/wp-json\/wp\/v2\/media\/947"}],"wp:attachment":[{"href":"https:\/\/maugojewelry.com\/en\/wp-json\/wp\/v2\/media?parent=946"}],"wp:term":[{"taxonomy":"product_brand","embeddable":true,"href":"https:\/\/maugojewelry.com\/en\/wp-json\/wp\/v2\/product_brand?post=946"},{"taxonomy":"product_cat","embeddable":true,"href":"https:\/\/maugojewelry.com\/en\/wp-json\/wp\/v2\/product_cat?post=946"},{"taxonomy":"product_tag","embeddable":true,"href":"https:\/\/maugojewelry.com\/en\/wp-json\/wp\/v2\/product_tag?post=946"}],"curies":[{"name":"wp","href":"https:\/\/api.w.org\/{rel}","templated":true}]}}