{"id":9472,"date":"2025-07-22T15:16:44","date_gmt":"2025-07-22T14:16:44","guid":{"rendered":"https:\/\/maugojewelry.com\/product\/naszyjnik-cala-iolit\/"},"modified":"2025-12-17T13:43:53","modified_gmt":"2025-12-17T12:43:53","slug":"naszyjnik-cala-iolit","status":"publish","type":"product","link":"https:\/\/maugojewelry.com\/en\/product\/naszyjnik-cala-iolit\/","title":{"rendered":"Naszyjnik Cala Iolit"},"excerpt":{"rendered":"<p>Naszyjnik Cala zosta\u0142 wykonany r\u0119cznie\u00a0 z pere\u0142 hodowlanych o unikalnym kszta\u0142cie &#8216;patyczk\u00f3w&#8217;. Per\u0142y przetykane s\u0105 delikatnymi kamieniami fasetowanymi &#8211; iolitami w kolorze szaro-niebieskim. Ca\u0142o\u015b\u0107 dope\u0142niaj\u0105 malutkie kulki m\u0142otkowane oraz zapi\u0119cie wykonane ze srebra 925 lub srebra 925 z\u0142oconego 24-karatowym z\u0142otem.<\/p>\n<p>&nbsp;<\/p>\n<p>Materia\u0142: naturalna per\u0142a hodowlana, naturalny kamie\u0144 Iolit<\/p>\n<p>Metal: srebro 925\/ srebro z\u0142ocone 24-karatowym z\u0142otem<\/p>\n<p>D\u0142ugo\u015b\u0107 naszyjnika: oko\u0142o 42 cm<\/p>\n<p>&nbsp;<\/p>\n<p><strong>Produkt wykonany r\u0119cznie w Polsce.<\/strong><\/p>\n","protected":false},"featured_media":9375,"comment_status":"closed","ping_status":"closed","template":"","meta":{"_acf_changed":false},"product_brand":[],"product_cat":[2108,2090],"product_tag":[],"class_list":{"0":"post-9472","1":"product","2":"type-product","3":"status-publish","4":"has-post-thumbnail","6":"product_cat-necklaces-en","7":"product_cat-bez-kategorii","9":"first","10":"instock","11":"shipping-taxable","12":"purchasable","13":"product-type-variable"},"acf":[],"aioseo_notices":[],"_links":{"self":[{"href":"https:\/\/maugojewelry.com\/en\/wp-json\/wp\/v2\/product\/9472","targetHints":{"allow":["GET"]}}],"collection":[{"href":"https:\/\/maugojewelry.com\/en\/wp-json\/wp\/v2\/product"}],"about":[{"href":"https:\/\/maugojewelry.com\/en\/wp-json\/wp\/v2\/types\/product"}],"replies":[{"embeddable":true,"href":"https:\/\/maugojewelry.com\/en\/wp-json\/wp\/v2\/comments?post=9472"}],"wp:featuredmedia":[{"embeddable":true,"href":"https:\/\/maugojewelry.com\/en\/wp-json\/wp\/v2\/media\/9375"}],"wp:attachment":[{"href":"https:\/\/maugojewelry.com\/en\/wp-json\/wp\/v2\/media?parent=9472"}],"wp:term":[{"taxonomy":"product_brand","embeddable":true,"href":"https:\/\/maugojewelry.com\/en\/wp-json\/wp\/v2\/product_brand?post=9472"},{"taxonomy":"product_cat","embeddable":true,"href":"https:\/\/maugojewelry.com\/en\/wp-json\/wp\/v2\/product_cat?post=9472"},{"taxonomy":"product_tag","embeddable":true,"href":"https:\/\/maugojewelry.com\/en\/wp-json\/wp\/v2\/product_tag?post=9472"}],"curies":[{"name":"wp","href":"https:\/\/api.w.org\/{rel}","templated":true}]}}