{"id":9495,"date":"2025-10-15T23:16:53","date_gmt":"2025-10-15T21:46:53","guid":{"rendered":"https:\/\/maugojewelry.com\/?post_type=product&#038;p=9495"},"modified":"2026-04-02T10:09:41","modified_gmt":"2026-04-02T09:09:41","slug":"brisa-ring-cherry-amber","status":"publish","type":"product","link":"https:\/\/maugojewelry.com\/en\/produkt\/brisa-ring-cherry-amber\/","title":{"rendered":"Brisa Ring Cherry Amber"},"excerpt":{"rendered":"<p>Pier\u015bcionek z naturalnym, r\u0119cznie szlifowanym bursztynem ba\u0142tyckim w kolorze wi\u015bniowym, wykonany ze srebra 925.\u00a0 Bursztyn\u00a0 jest kamieniem naturalnym i ka\u017cdy egzemplarz mo\u017ce si\u0119 minimalnie r\u00f3\u017cni\u0107.<\/p>\n<p>&nbsp;<\/p>\n<p>Surowiec: srebro 925<\/p>\n<p>Kamie\u0144: bursztyn ba\u0142tycki<\/p>\n<p>Wymiary kamienia: oko\u0142o 12 mm x 5 mm<\/p>\n<p>Waga: 2,03 (srebro)<\/p>\n<p>&nbsp;<\/p>\n<p>*Pier\u015bcionek zaprojektowany i wykonany w Polsce<\/p>\n<p>&nbsp;<\/p>\n<p>&nbsp;<\/p>\n","protected":false},"featured_media":9540,"comment_status":"closed","ping_status":"closed","template":"","meta":{"_acf_changed":false},"product_brand":[],"product_cat":[2090,2098],"product_tag":[],"class_list":{"0":"post-9495","1":"product","2":"type-product","3":"status-publish","4":"has-post-thumbnail","6":"product_cat-bez-kategorii","7":"product_cat-rings-en","9":"first","10":"instock","11":"shipping-taxable","12":"purchasable","13":"product-type-variable"},"acf":[],"aioseo_notices":[],"_links":{"self":[{"href":"https:\/\/maugojewelry.com\/en\/wp-json\/wp\/v2\/product\/9495","targetHints":{"allow":["GET"]}}],"collection":[{"href":"https:\/\/maugojewelry.com\/en\/wp-json\/wp\/v2\/product"}],"about":[{"href":"https:\/\/maugojewelry.com\/en\/wp-json\/wp\/v2\/types\/product"}],"replies":[{"embeddable":true,"href":"https:\/\/maugojewelry.com\/en\/wp-json\/wp\/v2\/comments?post=9495"}],"wp:featuredmedia":[{"embeddable":true,"href":"https:\/\/maugojewelry.com\/en\/wp-json\/wp\/v2\/media\/9540"}],"wp:attachment":[{"href":"https:\/\/maugojewelry.com\/en\/wp-json\/wp\/v2\/media?parent=9495"}],"wp:term":[{"taxonomy":"product_brand","embeddable":true,"href":"https:\/\/maugojewelry.com\/en\/wp-json\/wp\/v2\/product_brand?post=9495"},{"taxonomy":"product_cat","embeddable":true,"href":"https:\/\/maugojewelry.com\/en\/wp-json\/wp\/v2\/product_cat?post=9495"},{"taxonomy":"product_tag","embeddable":true,"href":"https:\/\/maugojewelry.com\/en\/wp-json\/wp\/v2\/product_tag?post=9495"}],"curies":[{"name":"wp","href":"https:\/\/api.w.org\/{rel}","templated":true}]}}