{"id":957,"date":"2021-10-10T08:55:59","date_gmt":"2021-10-10T08:55:59","guid":{"rendered":"https:\/\/maugojewelry.com\/?post_type=product&#038;p=957"},"modified":"2026-01-21T02:22:43","modified_gmt":"2026-01-21T01:22:43","slug":"pearl-ring","status":"publish","type":"product","link":"https:\/\/maugojewelry.com\/en\/produkt\/pearl-ring\/","title":{"rendered":"Pearl Bloom Ring"},"excerpt":{"rendered":"<p>Pier\u015bcionek z naturaln\u0105 per\u0142\u0105 osadzony na miseczce o nieregularnym kszta\u0142cie wykonany z \u017c\u00f3\u0142tego z\u0142ota 585 (14ct) lub poz\u0142canego srebra 925.<\/p>\n<p>&nbsp;<\/p>\n<ul>\n<li>Surowiec: z\u0142oto 585\/ srebro 925 poz\u0142acane 23-karatowym z\u0142otem<\/li>\n<li>Kamie\u0144: naturalna per\u0142a o \u015brednicy oko\u0142o 9mm<\/li>\n<\/ul>\n","protected":false},"featured_media":976,"comment_status":"open","ping_status":"closed","template":"","meta":{"_acf_changed":false},"product_brand":[],"product_cat":[2098,2090,2112],"product_tag":[],"class_list":{"0":"post-957","1":"product","2":"type-product","3":"status-publish","4":"has-post-thumbnail","6":"product_cat-rings-en","7":"product_cat-bez-kategorii","8":"product_cat-solid-gold-en","10":"first","11":"instock","12":"shipping-taxable","13":"purchasable","14":"product-type-variable"},"acf":[],"aioseo_notices":[],"_links":{"self":[{"href":"https:\/\/maugojewelry.com\/en\/wp-json\/wp\/v2\/product\/957","targetHints":{"allow":["GET"]}}],"collection":[{"href":"https:\/\/maugojewelry.com\/en\/wp-json\/wp\/v2\/product"}],"about":[{"href":"https:\/\/maugojewelry.com\/en\/wp-json\/wp\/v2\/types\/product"}],"replies":[{"embeddable":true,"href":"https:\/\/maugojewelry.com\/en\/wp-json\/wp\/v2\/comments?post=957"}],"wp:featuredmedia":[{"embeddable":true,"href":"https:\/\/maugojewelry.com\/en\/wp-json\/wp\/v2\/media\/976"}],"wp:attachment":[{"href":"https:\/\/maugojewelry.com\/en\/wp-json\/wp\/v2\/media?parent=957"}],"wp:term":[{"taxonomy":"product_brand","embeddable":true,"href":"https:\/\/maugojewelry.com\/en\/wp-json\/wp\/v2\/product_brand?post=957"},{"taxonomy":"product_cat","embeddable":true,"href":"https:\/\/maugojewelry.com\/en\/wp-json\/wp\/v2\/product_cat?post=957"},{"taxonomy":"product_tag","embeddable":true,"href":"https:\/\/maugojewelry.com\/en\/wp-json\/wp\/v2\/product_tag?post=957"}],"curies":[{"name":"wp","href":"https:\/\/api.w.org\/{rel}","templated":true}]}}