{"id":9620,"date":"2023-09-05T13:43:55","date_gmt":"2023-09-05T12:43:55","guid":{"rendered":"https:\/\/maugojewelry.com\/product\/cherry-amber-dome-ring\/"},"modified":"2026-03-16T11:10:20","modified_gmt":"2026-03-16T10:10:20","slug":"cherry-amber-dome-ring","status":"publish","type":"product","link":"https:\/\/maugojewelry.com\/en\/product\/cherry-amber-dome-ring\/","title":{"rendered":"Cherry Amber D\u00f4me Ring"},"excerpt":{"rendered":"<p>Nowa ods\u0142ona klasycznego pier\u015bcionka Dome. Pier\u015bcionek Amber Dome z naturalnym bursztynem ba\u0142tyckim w kolorze wi\u015bni. Pier\u015bcionek wykonany jest z \u017c\u00f3\u0142tego z\u0142ota pr\u00f3by 585 (14ct.) lub srebra 925.<\/p>\n<p>&nbsp;<\/p>\n<p>Surowiec: z\u0142oto 585 (14ct.) lub srebro 925<\/p>\n<p>Kamie\u0144: naturalny bursztyn ba\u0142tycki w kolorze wi\u015bniowym<\/p>\n<p>Wymiary kamienia: 4mm x 6mm<\/p>\n<p>&nbsp;<\/p>\n<p>*Produkt zaprojektowany i wykonany w Polsce.<\/p>\n<p>*Bursztyn jest kamieniem naturalnym i ka\u017cdy egzemplarz jest inny. Kolor kamienia mo\u017ce r\u00f3\u017cni\u0107 si\u0119 od tego na zdj\u0119ciu.<\/p>\n","protected":false},"featured_media":8910,"comment_status":"closed","ping_status":"closed","template":"","meta":{"_acf_changed":false},"product_brand":[],"product_cat":[2112,2090,2098],"product_tag":[],"class_list":{"0":"post-9620","1":"product","2":"type-product","3":"status-publish","4":"has-post-thumbnail","6":"product_cat-solid-gold-en","7":"product_cat-bez-kategorii","8":"product_cat-rings-en","10":"first","11":"instock","12":"shipping-taxable","13":"purchasable","14":"product-type-variable"},"acf":[],"aioseo_notices":[],"_links":{"self":[{"href":"https:\/\/maugojewelry.com\/en\/wp-json\/wp\/v2\/product\/9620","targetHints":{"allow":["GET"]}}],"collection":[{"href":"https:\/\/maugojewelry.com\/en\/wp-json\/wp\/v2\/product"}],"about":[{"href":"https:\/\/maugojewelry.com\/en\/wp-json\/wp\/v2\/types\/product"}],"replies":[{"embeddable":true,"href":"https:\/\/maugojewelry.com\/en\/wp-json\/wp\/v2\/comments?post=9620"}],"wp:featuredmedia":[{"embeddable":true,"href":"https:\/\/maugojewelry.com\/en\/wp-json\/wp\/v2\/media\/8910"}],"wp:attachment":[{"href":"https:\/\/maugojewelry.com\/en\/wp-json\/wp\/v2\/media?parent=9620"}],"wp:term":[{"taxonomy":"product_brand","embeddable":true,"href":"https:\/\/maugojewelry.com\/en\/wp-json\/wp\/v2\/product_brand?post=9620"},{"taxonomy":"product_cat","embeddable":true,"href":"https:\/\/maugojewelry.com\/en\/wp-json\/wp\/v2\/product_cat?post=9620"},{"taxonomy":"product_tag","embeddable":true,"href":"https:\/\/maugojewelry.com\/en\/wp-json\/wp\/v2\/product_tag?post=9620"}],"curies":[{"name":"wp","href":"https:\/\/api.w.org\/{rel}","templated":true}]}}