{"id":9760,"date":"2025-12-17T10:00:15","date_gmt":"2025-12-17T09:00:15","guid":{"rendered":"https:\/\/maugojewelry.com\/?post_type=product&#038;p=9760"},"modified":"2026-02-17T03:48:29","modified_gmt":"2026-02-17T02:48:29","slug":"amora-necklace","status":"publish","type":"product","link":"https:\/\/maugojewelry.com\/en\/produkt\/amora-necklace\/","title":{"rendered":"Amora Necklace"},"excerpt":{"rendered":"<p>Naszyjnik ze srebra pr\u00f3by 925 z dekoracyjn\u0105 zawieszk\u0105 w kszta\u0142cie serca o rze\u017abiarskiej, organicznej formie i delikatnie \u017c\u0142obionej fakturze w klimacie vintage. Zawieszony na subtelnym \u0142a\u0144cuszku ozdobionym drobnymi kuleczkami, kt\u00f3re dodaj\u0105 ca\u0142o\u015bci lekko\u015bci i nowoczesnej elegancji.<br \/>\nDost\u0119pny w wersji ze srebra lub srebra z\u0142oconego 24-karatowym z\u0142otem w odcieniu w\u0142oskim.<\/p>\n<p>&nbsp;<\/p>\n<p>MATERIA\u0141: Srebro 925<\/p>\n<p>WYMIARY: 12&#215;12 mm<\/p>\n<p>WAGA: 3,9 g (zawieszka)<\/p>\n<p>&nbsp;<\/p>\n<p>&nbsp;<\/p>\n<p>*Produkt zaprojektowany i wykonany w Polsce.<\/p>\n","protected":false},"featured_media":9860,"comment_status":"closed","ping_status":"closed","template":"","meta":{"_acf_changed":false},"product_brand":[],"product_cat":[2090,2097,2108],"product_tag":[],"class_list":{"0":"post-9760","1":"product","2":"type-product","3":"status-publish","4":"has-post-thumbnail","6":"product_cat-bez-kategorii","7":"product_cat-nowosci-en","8":"product_cat-necklaces-en","10":"first","11":"instock","12":"shipping-taxable","13":"purchasable","14":"product-type-variable"},"acf":[],"aioseo_notices":[],"_links":{"self":[{"href":"https:\/\/maugojewelry.com\/en\/wp-json\/wp\/v2\/product\/9760","targetHints":{"allow":["GET"]}}],"collection":[{"href":"https:\/\/maugojewelry.com\/en\/wp-json\/wp\/v2\/product"}],"about":[{"href":"https:\/\/maugojewelry.com\/en\/wp-json\/wp\/v2\/types\/product"}],"replies":[{"embeddable":true,"href":"https:\/\/maugojewelry.com\/en\/wp-json\/wp\/v2\/comments?post=9760"}],"wp:featuredmedia":[{"embeddable":true,"href":"https:\/\/maugojewelry.com\/en\/wp-json\/wp\/v2\/media\/9860"}],"wp:attachment":[{"href":"https:\/\/maugojewelry.com\/en\/wp-json\/wp\/v2\/media?parent=9760"}],"wp:term":[{"taxonomy":"product_brand","embeddable":true,"href":"https:\/\/maugojewelry.com\/en\/wp-json\/wp\/v2\/product_brand?post=9760"},{"taxonomy":"product_cat","embeddable":true,"href":"https:\/\/maugojewelry.com\/en\/wp-json\/wp\/v2\/product_cat?post=9760"},{"taxonomy":"product_tag","embeddable":true,"href":"https:\/\/maugojewelry.com\/en\/wp-json\/wp\/v2\/product_tag?post=9760"}],"curies":[{"name":"wp","href":"https:\/\/api.w.org\/{rel}","templated":true}]}}