{"id":9768,"date":"2026-02-03T12:55:47","date_gmt":"2026-02-03T11:55:47","guid":{"rendered":"https:\/\/maugojewelry.com\/?post_type=product&#038;p=9768"},"modified":"2026-03-03T23:34:15","modified_gmt":"2026-03-03T22:34:15","slug":"cherry-amber-dome-matte-ring","status":"publish","type":"product","link":"https:\/\/maugojewelry.com\/en\/produkt\/cherry-amber-dome-matte-ring\/","title":{"rendered":"Cherry Amber D\u00f4me Matte Ring"},"excerpt":{"rendered":"<p>Nowa ods\u0142ona bestsellerowego pier\u015bcionka D\u00f4me w z\u0142oconym srebrze o matowym wyko\u0144czeniu. Pier\u015bcionek\u00a0 Amber Dome z naturalnym bursztynem ba\u0142tyckim w kolorze wi\u015bni. Pier\u015bcionek wykonany jest ze srebra 925 o matowym wyko\u0144czeniu i z\u0142ocony 24-karatowym z\u0142otem w odcieniu w\u0142oskim.<\/p>\n<p>&nbsp;<\/p>\n<p>Surowiec: srebro 925<\/p>\n<p>Kamie\u0144: naturalny bursztyn ba\u0142tycki w kolorze wi\u015bniowym<\/p>\n<p>Wymiary kamienia: 4mm x 6mm<\/p>\n<p>&nbsp;<\/p>\n<p>*Pier\u015bcionek zaprojektowany i wykonany w Polsce.<\/p>\n","protected":false},"featured_media":10149,"comment_status":"closed","ping_status":"closed","template":"","meta":{"_acf_changed":false},"product_brand":[],"product_cat":[16,17],"product_tag":[],"class_list":{"0":"post-9768","1":"product","2":"type-product","3":"status-publish","4":"has-post-thumbnail","6":"product_cat-all","7":"product_cat-rings","9":"first","10":"instock","11":"shipping-taxable","12":"purchasable","13":"product-type-variable"},"acf":[],"aioseo_notices":[],"_links":{"self":[{"href":"https:\/\/maugojewelry.com\/en\/wp-json\/wp\/v2\/product\/9768","targetHints":{"allow":["GET"]}}],"collection":[{"href":"https:\/\/maugojewelry.com\/en\/wp-json\/wp\/v2\/product"}],"about":[{"href":"https:\/\/maugojewelry.com\/en\/wp-json\/wp\/v2\/types\/product"}],"replies":[{"embeddable":true,"href":"https:\/\/maugojewelry.com\/en\/wp-json\/wp\/v2\/comments?post=9768"}],"wp:featuredmedia":[{"embeddable":true,"href":"https:\/\/maugojewelry.com\/en\/wp-json\/wp\/v2\/media\/10149"}],"wp:attachment":[{"href":"https:\/\/maugojewelry.com\/en\/wp-json\/wp\/v2\/media?parent=9768"}],"wp:term":[{"taxonomy":"product_brand","embeddable":true,"href":"https:\/\/maugojewelry.com\/en\/wp-json\/wp\/v2\/product_brand?post=9768"},{"taxonomy":"product_cat","embeddable":true,"href":"https:\/\/maugojewelry.com\/en\/wp-json\/wp\/v2\/product_cat?post=9768"},{"taxonomy":"product_tag","embeddable":true,"href":"https:\/\/maugojewelry.com\/en\/wp-json\/wp\/v2\/product_tag?post=9768"}],"curies":[{"name":"wp","href":"https:\/\/api.w.org\/{rel}","templated":true}]}}