{"id":978,"date":"2021-10-10T09:15:24","date_gmt":"2021-10-10T09:15:24","guid":{"rendered":"https:\/\/maugojewelry.com\/?post_type=product&#038;p=978"},"modified":"2026-04-07T15:25:36","modified_gmt":"2026-04-07T14:25:36","slug":"petite-ring","status":"publish","type":"product","link":"https:\/\/maugojewelry.com\/en\/produkt\/petite-ring\/","title":{"rendered":"Petite Ring Lapis"},"excerpt":{"rendered":"<p>Delikatny pier\u015bcionek z lapis lazuli na nieregularnej obr\u0105czce wykonany ze z\u0142ota 585 (14ct.), srebra 925 lub srebra z\u0142oconego 24-karatowym z\u0142otem w odcieniu w\u0142oskim.<\/p>\n<p>&nbsp;<\/p>\n<ul>\n<li>Materia\u0142: \u017c\u00f3\u0142te z\u0142oto 585\/ srebro pozlacane 18-karatowym z\u0142otem<\/li>\n<li>Kamie\u0144: lapis lazuli<\/li>\n<li>Wymiary kamienia: 5 mm<\/li>\n<\/ul>\n<p>&nbsp;<\/p>\n<p>&nbsp;<\/p>\n<p>&nbsp;<\/p>\n<p>&nbsp;<\/p>\n","protected":false},"featured_media":981,"comment_status":"open","ping_status":"closed","template":"","meta":{"_acf_changed":false},"product_brand":[],"product_cat":[2090,2098,2112],"product_tag":[],"class_list":{"0":"post-978","1":"product","2":"type-product","3":"status-publish","4":"has-post-thumbnail","6":"product_cat-bez-kategorii","7":"product_cat-rings-en","8":"product_cat-solid-gold-en","10":"first","11":"instock","12":"shipping-taxable","13":"purchasable","14":"product-type-variable"},"acf":[],"aioseo_notices":[],"_links":{"self":[{"href":"https:\/\/maugojewelry.com\/en\/wp-json\/wp\/v2\/product\/978","targetHints":{"allow":["GET"]}}],"collection":[{"href":"https:\/\/maugojewelry.com\/en\/wp-json\/wp\/v2\/product"}],"about":[{"href":"https:\/\/maugojewelry.com\/en\/wp-json\/wp\/v2\/types\/product"}],"replies":[{"embeddable":true,"href":"https:\/\/maugojewelry.com\/en\/wp-json\/wp\/v2\/comments?post=978"}],"wp:featuredmedia":[{"embeddable":true,"href":"https:\/\/maugojewelry.com\/en\/wp-json\/wp\/v2\/media\/981"}],"wp:attachment":[{"href":"https:\/\/maugojewelry.com\/en\/wp-json\/wp\/v2\/media?parent=978"}],"wp:term":[{"taxonomy":"product_brand","embeddable":true,"href":"https:\/\/maugojewelry.com\/en\/wp-json\/wp\/v2\/product_brand?post=978"},{"taxonomy":"product_cat","embeddable":true,"href":"https:\/\/maugojewelry.com\/en\/wp-json\/wp\/v2\/product_cat?post=978"},{"taxonomy":"product_tag","embeddable":true,"href":"https:\/\/maugojewelry.com\/en\/wp-json\/wp\/v2\/product_tag?post=978"}],"curies":[{"name":"wp","href":"https:\/\/api.w.org\/{rel}","templated":true}]}}