{"id":982,"date":"2021-10-10T09:25:46","date_gmt":"2021-10-10T09:25:46","guid":{"rendered":"https:\/\/maugojewelry.com\/?post_type=product&#038;p=982"},"modified":"2026-04-07T15:22:04","modified_gmt":"2026-04-07T14:22:04","slug":"petite-ring-2","status":"publish","type":"product","link":"https:\/\/maugojewelry.com\/en\/produkt\/petite-ring-2\/","title":{"rendered":"Petite Ring Amber"},"excerpt":{"rendered":"<p>Kolekcja bursztynowa. Z\u0142oty pier\u015bcionek wykonany z \u017c\u00f3\u0142tego z\u0142ota pr\u00f3by 585 (14K) lub srebra 925\u00a0 z unikalnym kamieniem bursztynowym w kolorze miodowym.<\/p>\n<p>&nbsp;<\/p>\n<p>&nbsp;<\/p>\n<ul>\n<li>Metal: \u017c\u00f3\u0142te z\u0142oto 585 lub srebro 925<\/li>\n<li>Kamie\u0144: naturalny bursztyn ba\u0142tycki<\/li>\n<li>Wymiary: \u015brednica kamienia oko\u0142o 5mm<\/li>\n<li>Waga: 2g<\/li>\n<\/ul>\n<p>&nbsp;<\/p>\n<p>*Ka\u017cdy egzemplarz mo\u017ce si\u0119 minimalnie r\u00f3\u017cni\u0107.<\/p>\n<p>*Produkt zaprojektowany i wykonany w Polsce.<\/p>\n","protected":false},"featured_media":984,"comment_status":"open","ping_status":"closed","template":"","meta":{"_acf_changed":false},"product_brand":[],"product_cat":[16,17,2068],"product_tag":[],"class_list":{"0":"post-982","1":"product","2":"type-product","3":"status-publish","4":"has-post-thumbnail","6":"product_cat-all","7":"product_cat-rings","8":"product_cat-solid-gold","10":"first","11":"instock","12":"shipping-taxable","13":"purchasable","14":"product-type-variable"},"acf":[],"aioseo_notices":[],"_links":{"self":[{"href":"https:\/\/maugojewelry.com\/en\/wp-json\/wp\/v2\/product\/982","targetHints":{"allow":["GET"]}}],"collection":[{"href":"https:\/\/maugojewelry.com\/en\/wp-json\/wp\/v2\/product"}],"about":[{"href":"https:\/\/maugojewelry.com\/en\/wp-json\/wp\/v2\/types\/product"}],"replies":[{"embeddable":true,"href":"https:\/\/maugojewelry.com\/en\/wp-json\/wp\/v2\/comments?post=982"}],"wp:featuredmedia":[{"embeddable":true,"href":"https:\/\/maugojewelry.com\/en\/wp-json\/wp\/v2\/media\/984"}],"wp:attachment":[{"href":"https:\/\/maugojewelry.com\/en\/wp-json\/wp\/v2\/media?parent=982"}],"wp:term":[{"taxonomy":"product_brand","embeddable":true,"href":"https:\/\/maugojewelry.com\/en\/wp-json\/wp\/v2\/product_brand?post=982"},{"taxonomy":"product_cat","embeddable":true,"href":"https:\/\/maugojewelry.com\/en\/wp-json\/wp\/v2\/product_cat?post=982"},{"taxonomy":"product_tag","embeddable":true,"href":"https:\/\/maugojewelry.com\/en\/wp-json\/wp\/v2\/product_tag?post=982"}],"curies":[{"name":"wp","href":"https:\/\/api.w.org\/{rel}","templated":true}]}}