{"id":9864,"date":"2025-12-17T10:00:48","date_gmt":"2025-12-17T09:00:48","guid":{"rendered":"https:\/\/maugojewelry.com\/?post_type=product&#038;p=9864"},"modified":"2025-12-17T20:30:26","modified_gmt":"2025-12-17T19:30:26","slug":"amora-earrings","status":"publish","type":"product","link":"https:\/\/maugojewelry.com\/en\/produkt\/amora-earrings\/","title":{"rendered":"Amora Earrings"},"excerpt":{"rendered":"<p data-start=\"126\" data-end=\"530\"><strong data-start=\"126\" data-end=\"167\">Delikatne kolczyki zapinane na sztyft<\/strong>\u00a0 w kszta\u0142cie serca o rze\u017abiarskiej, organicznej formie i subtelnie \u017c\u0142obionej fakturze. Ich minimalistyczny, a jednocze\u015bnie romantyczny charakter sprawia, \u017ce doskonale sprawdz\u0105 si\u0119 zar\u00f3wno na co dzie\u0144, jak i jako elegancki akcent do wyj\u0105tkowych stylizacji.<\/p>\n<p data-start=\"126\" data-end=\"530\">Dost\u0119pne w wersji ze <strong data-start=\"455\" data-end=\"465\">srebra<\/strong> lub <strong data-start=\"470\" data-end=\"529\">srebra z\u0142oconego 24-karatowym z\u0142otem w odcieniu w\u0142oskim<\/strong>.<\/p>\n<p data-start=\"126\" data-end=\"530\">MATERIA\u0141: srebro 925<\/p>\n<p data-start=\"126\" data-end=\"530\">WAGA SREBRA: 2,2 g<\/p>\n<p data-start=\"126\" data-end=\"530\">WYMIARY: 10&#215;17 mm<\/p>\n<p data-start=\"126\" data-end=\"530\">*Produkt zaprojektowany i wykonany w Polsce.<\/p>\n<p data-start=\"532\" data-end=\"730\">\n","protected":false},"featured_media":9865,"comment_status":"closed","ping_status":"closed","template":"","meta":{"_acf_changed":false},"product_brand":[],"product_cat":[16,2061,18],"product_tag":[],"class_list":{"0":"post-9864","1":"product","2":"type-product","3":"status-publish","4":"has-post-thumbnail","6":"product_cat-all","7":"product_cat-nowosci","8":"product_cat-earrings","10":"first","11":"instock","12":"shipping-taxable","13":"purchasable","14":"product-type-variable"},"acf":[],"aioseo_notices":[],"_links":{"self":[{"href":"https:\/\/maugojewelry.com\/en\/wp-json\/wp\/v2\/product\/9864","targetHints":{"allow":["GET"]}}],"collection":[{"href":"https:\/\/maugojewelry.com\/en\/wp-json\/wp\/v2\/product"}],"about":[{"href":"https:\/\/maugojewelry.com\/en\/wp-json\/wp\/v2\/types\/product"}],"replies":[{"embeddable":true,"href":"https:\/\/maugojewelry.com\/en\/wp-json\/wp\/v2\/comments?post=9864"}],"wp:featuredmedia":[{"embeddable":true,"href":"https:\/\/maugojewelry.com\/en\/wp-json\/wp\/v2\/media\/9865"}],"wp:attachment":[{"href":"https:\/\/maugojewelry.com\/en\/wp-json\/wp\/v2\/media?parent=9864"}],"wp:term":[{"taxonomy":"product_brand","embeddable":true,"href":"https:\/\/maugojewelry.com\/en\/wp-json\/wp\/v2\/product_brand?post=9864"},{"taxonomy":"product_cat","embeddable":true,"href":"https:\/\/maugojewelry.com\/en\/wp-json\/wp\/v2\/product_cat?post=9864"},{"taxonomy":"product_tag","embeddable":true,"href":"https:\/\/maugojewelry.com\/en\/wp-json\/wp\/v2\/product_tag?post=9864"}],"curies":[{"name":"wp","href":"https:\/\/api.w.org\/{rel}","templated":true}]}}