{"id":9872,"date":"2025-12-17T10:00:34","date_gmt":"2025-12-17T09:00:34","guid":{"rendered":"https:\/\/maugojewelry.com\/?post_type=product&#038;p=9872"},"modified":"2025-12-18T13:48:22","modified_gmt":"2025-12-18T12:48:22","slug":"amora-bracelet","status":"publish","type":"product","link":"https:\/\/maugojewelry.com\/en\/produkt\/amora-bracelet\/","title":{"rendered":"Amora Bracelet"},"excerpt":{"rendered":"<p><strong data-start=\"143\" data-end=\"178\">Bransoletka ze srebra pr\u00f3by 925<\/strong> o wyrazistym splocie z owalnych ogniw, ozdobiona zawieszk\u0105 w kszta\u0142cie serca o rze\u017abiarskiej formie i delikatnie \u017c\u0142obionej fakturze w klimacie vintage.\u00a0 Zawieszka umieszczona jest na zapi\u0119ciu typu federing, co oznacza, \u017ce mo\u017cna j\u0105 zdejmowa\u0107 i nosi\u0107 sam\u0105 bransoletk\u0119.<br data-start=\"424\" data-end=\"427\" \/>Dost\u0119pna w wersji ze <strong data-start=\"448\" data-end=\"458\">srebra<\/strong> lub <strong data-start=\"463\" data-end=\"522\">srebra z\u0142oconego 24-karatowym z\u0142otem w odcieniu w\u0142oskim<\/strong>. Bransoletka mo\u017ce by\u0107 regulowana.<\/p>\n<p>&nbsp;<\/p>\n<p>MATERIA\u0141: srebro 925<\/p>\n<p>WAGA: ~ 9 g<\/p>\n<p>WYMIARY: 18 cm<\/p>\n<p>&nbsp;<\/p>\n<p>*Produkt zaprojektowany i wykonany w Polsce.<\/p>\n","protected":false},"featured_media":9873,"comment_status":"closed","ping_status":"closed","template":"","meta":{"_acf_changed":false},"product_brand":[],"product_cat":[19,2097,2090],"product_tag":[],"class_list":{"0":"post-9872","1":"product","2":"type-product","3":"status-publish","4":"has-post-thumbnail","6":"product_cat-bracelets","7":"product_cat-nowosci-en","8":"product_cat-bez-kategorii","10":"first","11":"instock","12":"shipping-taxable","13":"purchasable","14":"product-type-variable"},"acf":[],"aioseo_notices":[],"_links":{"self":[{"href":"https:\/\/maugojewelry.com\/en\/wp-json\/wp\/v2\/product\/9872","targetHints":{"allow":["GET"]}}],"collection":[{"href":"https:\/\/maugojewelry.com\/en\/wp-json\/wp\/v2\/product"}],"about":[{"href":"https:\/\/maugojewelry.com\/en\/wp-json\/wp\/v2\/types\/product"}],"replies":[{"embeddable":true,"href":"https:\/\/maugojewelry.com\/en\/wp-json\/wp\/v2\/comments?post=9872"}],"wp:featuredmedia":[{"embeddable":true,"href":"https:\/\/maugojewelry.com\/en\/wp-json\/wp\/v2\/media\/9873"}],"wp:attachment":[{"href":"https:\/\/maugojewelry.com\/en\/wp-json\/wp\/v2\/media?parent=9872"}],"wp:term":[{"taxonomy":"product_brand","embeddable":true,"href":"https:\/\/maugojewelry.com\/en\/wp-json\/wp\/v2\/product_brand?post=9872"},{"taxonomy":"product_cat","embeddable":true,"href":"https:\/\/maugojewelry.com\/en\/wp-json\/wp\/v2\/product_cat?post=9872"},{"taxonomy":"product_tag","embeddable":true,"href":"https:\/\/maugojewelry.com\/en\/wp-json\/wp\/v2\/product_tag?post=9872"}],"curies":[{"name":"wp","href":"https:\/\/api.w.org\/{rel}","templated":true}]}}