{"id":9881,"date":"2025-12-17T10:00:13","date_gmt":"2025-12-17T09:00:13","guid":{"rendered":"https:\/\/maugojewelry.com\/?post_type=product&#038;p=9881"},"modified":"2025-12-16T02:50:08","modified_gmt":"2025-12-16T01:50:08","slug":"elara-earrings-carnelian","status":"publish","type":"product","link":"https:\/\/maugojewelry.com\/en\/produkt\/elara-earrings-carnelian\/","title":{"rendered":"Elara Earrings Carnelian"},"excerpt":{"rendered":"<div class=\"product-images-wrap owl-carousel\" data-pswp-uid=\"1\">\n<figure class=\"product-images-item item\">Delikatne kolczyki zapinane na sztyft z owalnym kamieniem karneolu w a\u017curowej oprawie wykonane ze srebra lub srebra z\u0142oconego 24-karatowym z\u0142otem.<\/figure>\n<\/div>\n<div class=\"s-single-product_summary entry-summary\" data-prd-id=\"9717\">\n<div class=\"\n\t\t\ts-single-product_summary_tgl\n\t\t\"><\/p>\n<p>&nbsp;<\/p>\n<p>MATERIA\u0141: srebro 925<\/p>\n<p>KAMIE\u0143: karneol<\/p>\n<p>WYMIARY: 10\u00d712 mm (kamie\u0144), 12x14mm (kolczyk)<\/p>\n<p>WAGA: ok. 3g (srebro)<\/p>\n<p>*Bursztyn ba\u0142tycki jest kamieniem naturalnym i ka\u017cdy egzemplarz mo\u017ce si\u0119 minimalnie r\u00f3\u017cni\u0107.<\/p>\n<p>*Produkt zaprojektowany i wykonany w Polsce.<\/p>\n<\/div>\n<\/div>\n","protected":false},"featured_media":9882,"comment_status":"closed","ping_status":"closed","template":"","meta":{"_acf_changed":false},"product_brand":[],"product_cat":[2126,2097,2090],"product_tag":[],"class_list":{"0":"post-9881","1":"product","2":"type-product","3":"status-publish","4":"has-post-thumbnail","6":"product_cat-earrings-en","7":"product_cat-nowosci-en","8":"product_cat-bez-kategorii","10":"first","11":"instock","12":"shipping-taxable","13":"purchasable","14":"product-type-variable"},"acf":[],"aioseo_notices":[],"_links":{"self":[{"href":"https:\/\/maugojewelry.com\/en\/wp-json\/wp\/v2\/product\/9881","targetHints":{"allow":["GET"]}}],"collection":[{"href":"https:\/\/maugojewelry.com\/en\/wp-json\/wp\/v2\/product"}],"about":[{"href":"https:\/\/maugojewelry.com\/en\/wp-json\/wp\/v2\/types\/product"}],"replies":[{"embeddable":true,"href":"https:\/\/maugojewelry.com\/en\/wp-json\/wp\/v2\/comments?post=9881"}],"wp:featuredmedia":[{"embeddable":true,"href":"https:\/\/maugojewelry.com\/en\/wp-json\/wp\/v2\/media\/9882"}],"wp:attachment":[{"href":"https:\/\/maugojewelry.com\/en\/wp-json\/wp\/v2\/media?parent=9881"}],"wp:term":[{"taxonomy":"product_brand","embeddable":true,"href":"https:\/\/maugojewelry.com\/en\/wp-json\/wp\/v2\/product_brand?post=9881"},{"taxonomy":"product_cat","embeddable":true,"href":"https:\/\/maugojewelry.com\/en\/wp-json\/wp\/v2\/product_cat?post=9881"},{"taxonomy":"product_tag","embeddable":true,"href":"https:\/\/maugojewelry.com\/en\/wp-json\/wp\/v2\/product_tag?post=9881"}],"curies":[{"name":"wp","href":"https:\/\/api.w.org\/{rel}","templated":true}]}}