{"id":9909,"date":"2025-12-17T10:00:39","date_gmt":"2025-12-17T09:00:39","guid":{"rendered":"https:\/\/maugojewelry.com\/?post_type=product&#038;p=9909"},"modified":"2026-04-07T15:43:11","modified_gmt":"2026-04-07T14:43:11","slug":"lumen-necklace","status":"publish","type":"product","link":"https:\/\/maugojewelry.com\/en\/produkt\/lumen-necklace\/","title":{"rendered":"Lumen Necklace"},"excerpt":{"rendered":"<p><strong data-start=\"754\" data-end=\"787\">Naszyjnik ze srebra pr\u00f3by 925<\/strong> o delikatnej, a zarazem wyrazistej formie, wykonany z drobnych, g\u0119sto osadzonych kuleczek tworz\u0105cych mi\u0119kko uk\u0142adaj\u0105c\u0105 si\u0119 lini\u0119 wok\u00f3\u0142 szyi. Naszyjnik posiada klasyczne zapi\u0119cie typu karabi\u0144czyk z przed\u0142u\u017ck\u0105. D\u0142ugo\u015b\u0107 naszyjnika wynosi 42 cm + 2 cm przed\u0142u\u017cka.<\/p>\n<p>&nbsp;<\/p>\n<p>&nbsp;<\/p>\n<p>&nbsp;<\/p>\n<p>MATERIA\u0141: srebro 925<\/p>\n<p>WAGA: ~ 24g<\/p>\n<p>WYMIARY: grubo\u015b\u0107 \u0142a\u0144cucha wynosi 6 mm<\/p>\n<p>&nbsp;<\/p>\n<p>*Produkt zaprojektowany i wykonany w Polsce.<\/p>\n<p>*Na zam\u00f3wienie dost\u0119pna jest r\u00f3wnie\u017c wersja w srebrze z\u0142oconym 24-karatowym z\u0142otem.<\/p>\n<p>&nbsp;<\/p>\n<p>&nbsp;<\/p>\n","protected":false},"featured_media":9943,"comment_status":"closed","ping_status":"closed","template":"","meta":{"_acf_changed":false},"product_brand":[],"product_cat":[16,2061,20],"product_tag":[],"class_list":{"0":"post-9909","1":"product","2":"type-product","3":"status-publish","4":"has-post-thumbnail","6":"product_cat-all","7":"product_cat-nowosci","8":"product_cat-necklaces","10":"first","11":"instock","12":"shipping-taxable","13":"purchasable","14":"product-type-variable"},"acf":[],"aioseo_notices":[],"_links":{"self":[{"href":"https:\/\/maugojewelry.com\/en\/wp-json\/wp\/v2\/product\/9909","targetHints":{"allow":["GET"]}}],"collection":[{"href":"https:\/\/maugojewelry.com\/en\/wp-json\/wp\/v2\/product"}],"about":[{"href":"https:\/\/maugojewelry.com\/en\/wp-json\/wp\/v2\/types\/product"}],"replies":[{"embeddable":true,"href":"https:\/\/maugojewelry.com\/en\/wp-json\/wp\/v2\/comments?post=9909"}],"wp:featuredmedia":[{"embeddable":true,"href":"https:\/\/maugojewelry.com\/en\/wp-json\/wp\/v2\/media\/9943"}],"wp:attachment":[{"href":"https:\/\/maugojewelry.com\/en\/wp-json\/wp\/v2\/media?parent=9909"}],"wp:term":[{"taxonomy":"product_brand","embeddable":true,"href":"https:\/\/maugojewelry.com\/en\/wp-json\/wp\/v2\/product_brand?post=9909"},{"taxonomy":"product_cat","embeddable":true,"href":"https:\/\/maugojewelry.com\/en\/wp-json\/wp\/v2\/product_cat?post=9909"},{"taxonomy":"product_tag","embeddable":true,"href":"https:\/\/maugojewelry.com\/en\/wp-json\/wp\/v2\/product_tag?post=9909"}],"curies":[{"name":"wp","href":"https:\/\/api.w.org\/{rel}","templated":true}]}}