{"id":9949,"date":"2025-12-17T10:00:48","date_gmt":"2025-12-17T09:00:48","guid":{"rendered":"https:\/\/maugojewelry.com\/?post_type=product&#038;p=9949"},"modified":"2026-04-07T16:00:12","modified_gmt":"2026-04-07T15:00:12","slug":"lumen-bracelet","status":"publish","type":"product","link":"https:\/\/maugojewelry.com\/en\/produkt\/lumen-bracelet\/","title":{"rendered":"Lumen Bracelet"},"excerpt":{"rendered":"<p><strong data-start=\"175\" data-end=\"210\">Bransoletka ze srebra pr\u00f3by 925<\/strong> o wyrazistej, a jednocze\u015bnie eleganckiej formie, wykonana z drobnych, g\u0119sto osadzonych kuleczek tworz\u0105cych mi\u0119kk\u0105, elastyczn\u0105 lini\u0119 wok\u00f3\u0142 nadgarstka. Bransoletka posiada klasyczne zapi\u0119cie typu karabi\u0144czyk z przed\u0142u\u017ck\u0105. D\u0142ugo\u015b\u0107 bransoletki wynosi 18 cm + 2 cm przed\u0142u\u017cka.<\/p>\n<p>&nbsp;<\/p>\n<p>MATERIA\u0141: srebro 925<\/p>\n<p>WAGA: ~ 10g<\/p>\n<p>WYMIARY: grubo\u015b\u0107 \u0142a\u0144cucha wynosi 6 mm<\/p>\n<p>&nbsp;<\/p>\n<p>*Produkt zaprojektowany i wykonany w Polsce.<\/p>\n<p>*Na zam\u00f3wienie dost\u0119pna jest r\u00f3wnie\u017c wersja w srebrze z\u0142oconym 24-karatowym z\u0142otem.<\/p>\n","protected":false},"featured_media":9950,"comment_status":"closed","ping_status":"closed","template":"","meta":{"_acf_changed":false},"product_brand":[],"product_cat":[16,2061,19],"product_tag":[],"class_list":{"0":"post-9949","1":"product","2":"type-product","3":"status-publish","4":"has-post-thumbnail","6":"product_cat-all","7":"product_cat-nowosci","8":"product_cat-bracelets","10":"first","11":"instock","12":"shipping-taxable","13":"purchasable","14":"product-type-variable"},"acf":[],"aioseo_notices":[],"_links":{"self":[{"href":"https:\/\/maugojewelry.com\/en\/wp-json\/wp\/v2\/product\/9949","targetHints":{"allow":["GET"]}}],"collection":[{"href":"https:\/\/maugojewelry.com\/en\/wp-json\/wp\/v2\/product"}],"about":[{"href":"https:\/\/maugojewelry.com\/en\/wp-json\/wp\/v2\/types\/product"}],"replies":[{"embeddable":true,"href":"https:\/\/maugojewelry.com\/en\/wp-json\/wp\/v2\/comments?post=9949"}],"wp:featuredmedia":[{"embeddable":true,"href":"https:\/\/maugojewelry.com\/en\/wp-json\/wp\/v2\/media\/9950"}],"wp:attachment":[{"href":"https:\/\/maugojewelry.com\/en\/wp-json\/wp\/v2\/media?parent=9949"}],"wp:term":[{"taxonomy":"product_brand","embeddable":true,"href":"https:\/\/maugojewelry.com\/en\/wp-json\/wp\/v2\/product_brand?post=9949"},{"taxonomy":"product_cat","embeddable":true,"href":"https:\/\/maugojewelry.com\/en\/wp-json\/wp\/v2\/product_cat?post=9949"},{"taxonomy":"product_tag","embeddable":true,"href":"https:\/\/maugojewelry.com\/en\/wp-json\/wp\/v2\/product_tag?post=9949"}],"curies":[{"name":"wp","href":"https:\/\/api.w.org\/{rel}","templated":true}]}}