{"id":9957,"date":"2025-12-17T10:00:59","date_gmt":"2025-12-17T09:00:59","guid":{"rendered":"https:\/\/maugojewelry.com\/?post_type=product&#038;p=9957"},"modified":"2025-12-17T03:42:59","modified_gmt":"2025-12-17T02:42:59","slug":"form-signet","status":"publish","type":"product","link":"https:\/\/maugojewelry.com\/en\/produkt\/form-signet\/","title":{"rendered":"Form Signet"},"excerpt":{"rendered":"<p>Sygnet FORM wykonany ze srebra pr\u00f3by 925 o op\u0142ywowym, organicznym kszta\u0142cie i mi\u0119kkiej, p\u0142ynnej linii. Ca\u0142o\u015b\u0107 dope\u0142nia g\u0142adko szlifowany kamie\u0144 bursztynu ba\u0142tyckiego w odcieniu miodowym. Bursztyn jest r\u0119cznie szlifowany w naszej pracowni przez co ka\u017cdy kamie\u0144 jest unikatowy i mo\u017ce r\u00f3\u017cni\u0107 si\u0119 od tego na zdj\u0119ciu.<\/p>\n<p>&nbsp;<\/p>\n<p>MATERIA\u0141: srebro 925<\/p>\n<p>KAMIE\u0143: bursztyn ba\u0142tycki<\/p>\n<p>WAGA: 5,5 g<\/p>\n<p>WYMIARY: 8&#215;10 mm (kamie\u0144)<\/p>\n<p>&nbsp;<\/p>\n<p>*Produkt zaprojektowany i wykonany w Polsce.<\/p>\n<p>&nbsp;<\/p>\n<p>&nbsp;<\/p>\n<p>&nbsp;<\/p>\n","protected":false},"featured_media":9958,"comment_status":"closed","ping_status":"closed","template":"","meta":{"_acf_changed":false},"product_brand":[],"product_cat":[2097,2098,2090],"product_tag":[],"class_list":{"0":"post-9957","1":"product","2":"type-product","3":"status-publish","4":"has-post-thumbnail","6":"product_cat-nowosci-en","7":"product_cat-rings-en","8":"product_cat-bez-kategorii","10":"first","11":"instock","12":"shipping-taxable","13":"purchasable","14":"product-type-variable"},"acf":[],"aioseo_notices":[],"_links":{"self":[{"href":"https:\/\/maugojewelry.com\/en\/wp-json\/wp\/v2\/product\/9957","targetHints":{"allow":["GET"]}}],"collection":[{"href":"https:\/\/maugojewelry.com\/en\/wp-json\/wp\/v2\/product"}],"about":[{"href":"https:\/\/maugojewelry.com\/en\/wp-json\/wp\/v2\/types\/product"}],"replies":[{"embeddable":true,"href":"https:\/\/maugojewelry.com\/en\/wp-json\/wp\/v2\/comments?post=9957"}],"wp:featuredmedia":[{"embeddable":true,"href":"https:\/\/maugojewelry.com\/en\/wp-json\/wp\/v2\/media\/9958"}],"wp:attachment":[{"href":"https:\/\/maugojewelry.com\/en\/wp-json\/wp\/v2\/media?parent=9957"}],"wp:term":[{"taxonomy":"product_brand","embeddable":true,"href":"https:\/\/maugojewelry.com\/en\/wp-json\/wp\/v2\/product_brand?post=9957"},{"taxonomy":"product_cat","embeddable":true,"href":"https:\/\/maugojewelry.com\/en\/wp-json\/wp\/v2\/product_cat?post=9957"},{"taxonomy":"product_tag","embeddable":true,"href":"https:\/\/maugojewelry.com\/en\/wp-json\/wp\/v2\/product_tag?post=9957"}],"curies":[{"name":"wp","href":"https:\/\/api.w.org\/{rel}","templated":true}]}}