{"id":9971,"date":"2025-12-17T10:00:34","date_gmt":"2025-12-17T09:00:34","guid":{"rendered":"https:\/\/maugojewelry.com\/?post_type=product&#038;p=9971"},"modified":"2025-12-17T21:32:23","modified_gmt":"2025-12-17T20:32:23","slug":"aro-ring","status":"publish","type":"product","link":"https:\/\/maugojewelry.com\/en\/produkt\/aro-ring\/","title":{"rendered":"Aro Ring"},"excerpt":{"rendered":"<p>Pier\u015bcionek Aro\u00a0 o rze\u017abiarskiej, organicznej formie z charakterystyczn\u0105 \u017c\u0142obion\u0105 faktur\u0105 inspirowany stylem vintage. Nowoczesny, a zarazem ponadczasowy design subtelnie podkre\u015bla styl i elegancj\u0119.<\/p>\n<p>Dost\u0119pne w wersji ze srebra pr\u00f3by 925 lub srebra z\u0142oconego 24-karatowym z\u0142otem w odcieniu w\u0142oskim.<\/p>\n<p>&nbsp;<\/p>\n<p>&nbsp;<\/p>\n<p>MATERIA\u0141: srebro 925<\/p>\n<p>WAGA: 6,6 g<\/p>\n<p>WYMIARY: szeroko\u015b\u0107 9mm (w najszerszym miejscu)<\/p>\n<p>*Produkt zaprojektowany i wykonany w Polsce.<\/p>\n","protected":false},"featured_media":9986,"comment_status":"closed","ping_status":"closed","template":"","meta":{"_acf_changed":false},"product_brand":[],"product_cat":[2097,2098,2090],"product_tag":[],"class_list":{"0":"post-9971","1":"product","2":"type-product","3":"status-publish","4":"has-post-thumbnail","6":"product_cat-nowosci-en","7":"product_cat-rings-en","8":"product_cat-bez-kategorii","10":"first","11":"instock","12":"shipping-taxable","13":"purchasable","14":"product-type-variable"},"acf":[],"aioseo_notices":[],"_links":{"self":[{"href":"https:\/\/maugojewelry.com\/en\/wp-json\/wp\/v2\/product\/9971","targetHints":{"allow":["GET"]}}],"collection":[{"href":"https:\/\/maugojewelry.com\/en\/wp-json\/wp\/v2\/product"}],"about":[{"href":"https:\/\/maugojewelry.com\/en\/wp-json\/wp\/v2\/types\/product"}],"replies":[{"embeddable":true,"href":"https:\/\/maugojewelry.com\/en\/wp-json\/wp\/v2\/comments?post=9971"}],"wp:featuredmedia":[{"embeddable":true,"href":"https:\/\/maugojewelry.com\/en\/wp-json\/wp\/v2\/media\/9986"}],"wp:attachment":[{"href":"https:\/\/maugojewelry.com\/en\/wp-json\/wp\/v2\/media?parent=9971"}],"wp:term":[{"taxonomy":"product_brand","embeddable":true,"href":"https:\/\/maugojewelry.com\/en\/wp-json\/wp\/v2\/product_brand?post=9971"},{"taxonomy":"product_cat","embeddable":true,"href":"https:\/\/maugojewelry.com\/en\/wp-json\/wp\/v2\/product_cat?post=9971"},{"taxonomy":"product_tag","embeddable":true,"href":"https:\/\/maugojewelry.com\/en\/wp-json\/wp\/v2\/product_tag?post=9971"}],"curies":[{"name":"wp","href":"https:\/\/api.w.org\/{rel}","templated":true}]}}