{"id":9996,"date":"2025-12-17T10:00:03","date_gmt":"2025-12-17T09:00:03","guid":{"rendered":"https:\/\/maugojewelry.com\/?post_type=product&#038;p=9996"},"modified":"2026-01-04T18:16:43","modified_gmt":"2026-01-04T17:16:43","slug":"solis-signet-amber","status":"publish","type":"product","link":"https:\/\/maugojewelry.com\/en\/produkt\/solis-signet-amber\/","title":{"rendered":"Solis Signet Amber"},"excerpt":{"rendered":"<p><strong data-start=\"727\" data-end=\"743\">Sygnet SOLIS<\/strong> wykonany ze srebra pr\u00f3by 925 z centralnie osadzonym naturalnym bursztynem ba\u0142tyckim. Mi\u0119kka, organiczna forma i polerowana powierzchnia podkre\u015blaj\u0105 ciep\u0142o kamienia oraz ponadczasowy charakter projektu.<\/p>\n<p>Bursztyn jest r\u0119cznie szlifowany w naszej pracowni przez co ka\u017cdy kamie\u0144 jest unikatowy i mo\u017ce r\u00f3\u017cni\u0107 si\u0119 od tego na zdj\u0119ciu.<\/p>\n<p>&nbsp;<\/p>\n<p>&nbsp;<\/p>\n<p>MATERIA\u0141: srebro 925<\/p>\n<p>KAMIE\u0143: bursztyn ba\u0142tycki<\/p>\n<p>WAGA: 4,5 g<\/p>\n<p>WYMIARY: 8&#215;10 mm (kamie\u0144)<\/p>\n<p>&nbsp;<\/p>\n<p>*Produkt zaprojektowany i wykonany w Polsce.<\/p>\n","protected":false},"featured_media":9997,"comment_status":"closed","ping_status":"closed","template":"","meta":{"_acf_changed":false},"product_brand":[],"product_cat":[16,2061,17],"product_tag":[],"class_list":{"0":"post-9996","1":"product","2":"type-product","3":"status-publish","4":"has-post-thumbnail","6":"product_cat-all","7":"product_cat-nowosci","8":"product_cat-rings","10":"first","11":"instock","12":"shipping-taxable","13":"purchasable","14":"product-type-variable"},"acf":[],"aioseo_notices":[],"_links":{"self":[{"href":"https:\/\/maugojewelry.com\/en\/wp-json\/wp\/v2\/product\/9996","targetHints":{"allow":["GET"]}}],"collection":[{"href":"https:\/\/maugojewelry.com\/en\/wp-json\/wp\/v2\/product"}],"about":[{"href":"https:\/\/maugojewelry.com\/en\/wp-json\/wp\/v2\/types\/product"}],"replies":[{"embeddable":true,"href":"https:\/\/maugojewelry.com\/en\/wp-json\/wp\/v2\/comments?post=9996"}],"wp:featuredmedia":[{"embeddable":true,"href":"https:\/\/maugojewelry.com\/en\/wp-json\/wp\/v2\/media\/9997"}],"wp:attachment":[{"href":"https:\/\/maugojewelry.com\/en\/wp-json\/wp\/v2\/media?parent=9996"}],"wp:term":[{"taxonomy":"product_brand","embeddable":true,"href":"https:\/\/maugojewelry.com\/en\/wp-json\/wp\/v2\/product_brand?post=9996"},{"taxonomy":"product_cat","embeddable":true,"href":"https:\/\/maugojewelry.com\/en\/wp-json\/wp\/v2\/product_cat?post=9996"},{"taxonomy":"product_tag","embeddable":true,"href":"https:\/\/maugojewelry.com\/en\/wp-json\/wp\/v2\/product_tag?post=9996"}],"curies":[{"name":"wp","href":"https:\/\/api.w.org\/{rel}","templated":true}]}}